{"id":36,"date":"2012-02-25T17:46:32","date_gmt":"2012-02-25T16:46:32","guid":{"rendered":"http:\/\/www.mujerpalabra.net\/frases\/?page_id=36"},"modified":"2013-05-05T12:26:58","modified_gmt":"2013-05-05T11:26:58","slug":"tienes-citas-para-este-blog","status":"publish","type":"page","link":"https:\/\/www.mujerpalabra.net\/frases\/?page_id=36","title":{"rendered":"C\u00f3mo aportar (por favor, leer)"},"content":{"rendered":"<p>\u00bfLees a las mujeres? \u00bfLas escuchas? \u00bfLas citas como inspiraci\u00f3n y fuente de conocimiento? Si lees o escuchas y lo anotas, podr\u00edas postear aqu\u00ed citas de mujeres. En mujerpalabra.net cuando lo hacemos, tambi\u00e9n a\u00f1adimos el link a la webita de esa mujer si es que tiene algo en mujerpalabra.net. T\u00fa puedes hacer lo mismo con otras fuentes.<\/p>\n<p>Si echas en falta poder usar citas inteligentes, creativas, comprometidas socialmente, ideas, pensamiento de mujeres, porque ellas han estado siempre ah\u00ed, aunque hayan sido excluidas, silenciadas, desde el lenguaje y con todo lo dem\u00e1s, te invitamos a aportar. Puedes hacerlo de dos formas:<\/p>\n<ul>\n<li>enviando tu cita, con menci\u00f3n de fuente, y lo que desees a\u00f1adir o nada m\u00e1s a <strong>mp ARROBA mujerpalabra.net <\/strong>con el t\u00edtulo o asunto \u00abFrases\u00bb<strong><br \/>\n<\/strong><\/li>\n<li><strong>registr\u00e1ndote<\/strong> como autor\/a, si tienes varios aportes de citas, y poste\u00e1ndolos, \u00a1claro! (av\u00edsanos, y activamos el registro)<\/li>\n<\/ul>\n<p>En esta bloga, <strong>primero<\/strong> ponemos el <strong>t\u00edtulo<\/strong>: <span style=\"color: #800080;\">tema y autora<\/span>; luego metemos <strong>cita<\/strong>; luego <strong>foto<\/strong>, si es posible (queda mejor al postearlo en redes, porque llama m\u00e1s la atenci\u00f3n lo visual); y antes de darle a Actualizar\/Postear, a la derecha, marcamos la <strong>Categor\u00eda<\/strong> del continente de origen, y m\u00e1s abajo, tecleamos palabras clave para las <strong>Etiquetas<\/strong>. Poner en may\u00fasculas todo el nombre de la autora CITADA.<\/p>\n<p>En el verano 2012 hemos hablado de abrir un tema por cita, as\u00ed que iremos dividiendo los temas que contienen varias citas!<\/p>\n<p>Visitas: 287<\/p>","protected":false},"excerpt":{"rendered":"<p>\u00bfLees a las mujeres? \u00bfLas escuchas? \u00bfLas citas como inspiraci\u00f3n y fuente de conocimiento? Si lees o escuchas y lo anotas, podr\u00edas postear aqu\u00ed citas de mujeres. En mujerpalabra.net cuando lo hacemos, tambi\u00e9n a\u00f1adimos el link a la webita de &hellip; <a href=\"https:\/\/www.mujerpalabra.net\/frases\/?page_id=36\">Sigue leyendo <span class=\"meta-nav\">&rarr;<\/span><\/a><\/p>\n","protected":false},"author":101,"featured_media":0,"parent":0,"menu_order":0,"comment_status":"open","ping_status":"open","template":"","meta":{"footnotes":""},"class_list":["post-36","page","type-page","status-publish","hentry"],"_links":{"self":[{"href":"https:\/\/www.mujerpalabra.net\/frases\/index.php?rest_route=\/wp\/v2\/pages\/36","targetHints":{"allow":["GET"]}}],"collection":[{"href":"https:\/\/www.mujerpalabra.net\/frases\/index.php?rest_route=\/wp\/v2\/pages"}],"about":[{"href":"https:\/\/www.mujerpalabra.net\/frases\/index.php?rest_route=\/wp\/v2\/types\/page"}],"author":[{"embeddable":true,"href":"https:\/\/www.mujerpalabra.net\/frases\/index.php?rest_route=\/wp\/v2\/users\/101"}],"replies":[{"embeddable":true,"href":"https:\/\/www.mujerpalabra.net\/frases\/index.php?rest_route=%2Fwp%2Fv2%2Fcomments&post=36"}],"version-history":[{"count":14,"href":"https:\/\/www.mujerpalabra.net\/frases\/index.php?rest_route=\/wp\/v2\/pages\/36\/revisions"}],"predecessor-version":[{"id":844,"href":"https:\/\/www.mujerpalabra.net\/frases\/index.php?rest_route=\/wp\/v2\/pages\/36\/revisions\/844"}],"wp:attachment":[{"href":"https:\/\/www.mujerpalabra.net\/frases\/index.php?rest_route=%2Fwp%2Fv2%2Fmedia&parent=36"}],"curies":[{"name":"wp","href":"https:\/\/api.w.org\/{rel}","templated":true}]}}