{"id":15,"date":"2012-02-25T05:19:33","date_gmt":"2012-02-25T04:19:33","guid":{"rendered":"http:\/\/www.mujerpalabra.net\/frases\/?page_id=15"},"modified":"2013-05-05T12:35:17","modified_gmt":"2013-05-05T11:35:17","slug":"por-que-creamos-este-blog","status":"publish","type":"page","link":"https:\/\/www.mujerpalabra.net\/frases\/?page_id=15","title":{"rendered":"Por qu\u00e9"},"content":{"rendered":"<p>Hemos anotado \u00abFrases\u00bb en lugar de \u00abCitas\u00bb porque mezclar \u00abcitas\u00bb con \u00abmujeres\u00bb da en los buscadores sitios de pornograf\u00eda y prostituci\u00f3n sobre todo. As\u00ed de abusivo y mis\u00f3gino es el Sistema (patriarcal).<\/p>\n<p>Desear\u00edamos explicar por qu\u00e9 surgi\u00f3 la idea de hacer esta bloga.<\/p>\n<p>Digamos por el momento: \u00a1VALE YA, CARAJO: Borr\u00e1ndonos de la historia siempre! Si el sistema patriarcal, el padre de todos los sistemas que nos machacan, ha creado unas camisas de fuerza que definen qu\u00e9 es una mujer y qu\u00e9 un hombre y qu\u00e9 funciones les son leg\u00edtimas, aunque la mayor\u00eda de hombres y mujeres est\u00e1n peor que si este sistema no existiera, el caso es que a todas las mujeres nos ha aniquilado como pensadoras, artistas, activistas, como personas.<\/p>\n<p>&#8212;&#8212;&#8212;&#8212;<\/p>\n<p><strong>LAS MUJERES TIENEN MENTES HUMANAS<\/strong><br \/>\nBASTA YA: EL PENE Y LA VAGINA son \u00f3rganos reproductores y sexuales<br \/>\nNO DETERMINAN LA INTELIGENCIA, las funciones afectivas y sociales, los sue\u00f1os<br \/>\n\u00bf(POR QU\u00c9) NO hemos echado de menos a las pensadoras, creadoras, activistas, exploradoras, inventoras, aventureras\u2026 en la historia de la HUMANIDAD?<br \/>\nLa historia del Hombre no es la historia de la Humanidad<br \/>\n<strong>Patriarcado a juicio por cr\u00edmenes contra la humanidad<\/strong><\/p>\n<p>Visitas: 146<\/p>","protected":false},"excerpt":{"rendered":"<p>Hemos anotado \u00abFrases\u00bb en lugar de \u00abCitas\u00bb porque mezclar \u00abcitas\u00bb con \u00abmujeres\u00bb da en los buscadores sitios de pornograf\u00eda y prostituci\u00f3n sobre todo. As\u00ed de abusivo y mis\u00f3gino es el Sistema (patriarcal). Desear\u00edamos explicar por qu\u00e9 surgi\u00f3 la idea de &hellip; <a href=\"https:\/\/www.mujerpalabra.net\/frases\/?page_id=15\">Sigue leyendo <span class=\"meta-nav\">&rarr;<\/span><\/a><\/p>\n","protected":false},"author":2,"featured_media":0,"parent":0,"menu_order":0,"comment_status":"open","ping_status":"open","template":"","meta":{"footnotes":""},"class_list":["post-15","page","type-page","status-publish","hentry"],"_links":{"self":[{"href":"https:\/\/www.mujerpalabra.net\/frases\/index.php?rest_route=\/wp\/v2\/pages\/15","targetHints":{"allow":["GET"]}}],"collection":[{"href":"https:\/\/www.mujerpalabra.net\/frases\/index.php?rest_route=\/wp\/v2\/pages"}],"about":[{"href":"https:\/\/www.mujerpalabra.net\/frases\/index.php?rest_route=\/wp\/v2\/types\/page"}],"author":[{"embeddable":true,"href":"https:\/\/www.mujerpalabra.net\/frases\/index.php?rest_route=\/wp\/v2\/users\/2"}],"replies":[{"embeddable":true,"href":"https:\/\/www.mujerpalabra.net\/frases\/index.php?rest_route=%2Fwp%2Fv2%2Fcomments&post=15"}],"version-history":[{"count":13,"href":"https:\/\/www.mujerpalabra.net\/frases\/index.php?rest_route=\/wp\/v2\/pages\/15\/revisions"}],"predecessor-version":[{"id":852,"href":"https:\/\/www.mujerpalabra.net\/frases\/index.php?rest_route=\/wp\/v2\/pages\/15\/revisions\/852"}],"wp:attachment":[{"href":"https:\/\/www.mujerpalabra.net\/frases\/index.php?rest_route=%2Fwp%2Fv2%2Fmedia&parent=15"}],"curies":[{"name":"wp","href":"https:\/\/api.w.org\/{rel}","templated":true}]}}