{"id":104,"date":"2012-02-27T16:00:38","date_gmt":"2012-02-27T15:00:38","guid":{"rendered":"http:\/\/www.mujerpalabra.net\/frases\/?page_id=104"},"modified":"2013-05-05T12:29:43","modified_gmt":"2013-05-05T11:29:43","slug":"los-banners","status":"publish","type":"page","link":"https:\/\/www.mujerpalabra.net\/frases\/?page_id=104","title":{"rendered":"Banners"},"content":{"rendered":"<p>Como ver\u00e1s, hay un collage con rostros de mujeres como gr\u00e1fico de la bloga. La idea ser\u00eda ir creando diferentes <em>banners<\/em>, diferentes personas, para irlos cambiando. Los \u00abviejos\u00bb adem\u00e1s de poder a volver a ponerse cuando tocara, se ir\u00e1n publicando en Mujer Palabra y\/o aqu\u00ed, con los nombres de las mujeres.<\/p>\n<p>Para dise\u00f1ar un banner necesitas saber:<\/p>\n<ul>\n<li>Medidas: 990 x 180 p\u00edxeles<\/li>\n<li>Resoluci\u00f3n para Internet: 72 px o 92 px.<\/li>\n<\/ul>\n<p>Nosotras guardamos siempre dos copias: una en photoshop o corelphotopaint por si hay que meter correcciones (los elementos se guardan individualmente), y luego la que se sube, en jpg (los elementos se funden en uno s\u00f3lo). La copia que se sube a internet es en jpg. \u00c9sta ser\u00eda la que nos enviaras para que las admins la suban aqu\u00ed. Las y los autores no pueden hacerlo directamente.<\/p>\n<p>Puedes enviarnos el gr\u00e1fico a mp ARROBA mujerpalabra.net con el t\u00edtulo \u00abFrases\u00bb. Recuerda mencionar los nombres de la gente que aparezca en \u00e9l, si es un collage, o lo que sea, y qui\u00e9n lo ha dise\u00f1ado, o lo que quieras decir. Ejemplos:<\/p>\n<p><strong>Primer <em>banner<\/em><\/strong>: Gloria Anzald\u00faa, <a href=\"http:\/\/www.mujerpalabra.net\/conoce_a\/pages\/anne_sexton.htm\" rel=\"nofollow\">Anne Sexton<\/a>, Jane Bowles, Emily de Jessica Gruner (con texto modificado en Mujer Palabra), foto de <a href=\"http:\/\/www.mujerpalabra.net\/conoce_a\/pages\/essamba\/angele.htm\" rel=\"nofollow\">Ang\u00e8le Etoundi Essamba<\/a>, Emma Goldman, Margaret Atwood, Mary Wollstonecraft, <a href=\"http:\/\/www.mujerpalabra.net\/conoce_a\/pages\/leonora_carrington.htm\" rel=\"nofollow\">Leonora Carrington<\/a>, <a href=\"http:\/\/www.mujerpalabra.net\/conoce_a\/pages\/lebomashile\/index.htm\" rel=\"nofollow\">Lebo Mashile<\/a>, <a href=\"http:\/\/www.mujerpalabra.net\/conoce_a\/pages\/joyharjo\/index.htm\" rel=\"nofollow\">Joy Harjo<\/a>, <a href=\"http:\/\/www.mujerpalabra.net\/conoce_a\/pages\/audre_lorde.htm\" rel=\"nofollow\">Audre Lorde<\/a>, <a href=\"http:\/\/www.mujerpalabra.net\/conoce_a\/pages\/cordeliafine\/index.htm\" rel=\"nofollow\">Cordelia Fine<\/a>, <a href=\"https:\/\/www.mujerpalabra.net\/frases\/?p=331\">Adrienne Rich<\/a>, <a href=\"http:\/\/www.mujerpalabra.net\/conoce_a\/pages\/camilleclaudel.htm\" rel=\"nofollow\">Camille Claudel<\/a><\/p>\n<p><a href=\"https:\/\/www.mujerpalabra.net\/frases\/wp-content\/uploads\/2012\/02\/llegolaera41.jpg\"><img loading=\"lazy\" decoding=\"async\" class=\"alignright size-full wp-image-825\" title=\"Lleg\u00f3 la Era - Primer b\u00e1nner de la bloga\" src=\"https:\/\/www.mujerpalabra.net\/frases\/wp-content\/uploads\/2012\/02\/llegolaera41.jpg\" alt=\"\" width=\"990\" height=\"180\" srcset=\"https:\/\/www.mujerpalabra.net\/frases\/wp-content\/uploads\/2012\/02\/llegolaera41.jpg 990w, https:\/\/www.mujerpalabra.net\/frases\/wp-content\/uploads\/2012\/02\/llegolaera41-300x54.jpg 300w\" sizes=\"auto, (max-width: 990px) 100vw, 990px\" \/><\/a><\/p>\n<p>&nbsp;<\/p>\n<p>&nbsp;<\/p>\n<p><strong>Segundo <em>Banner<\/em><\/strong>: Susan Sontang, Mar\u00eda Zambrano, Valerie Solanas, Frida Kahlo, Gabriela Mistral, <a href=\"http:\/\/mujeresporlaselva.wordpress.com\/2013\/01\/08\/carta-abierta-de-lonko-juana-calfunao-al-presidente-chileno-sebastian-pinera\/\">Lonko Juana Calfunao<\/a>, Marcela Lagarde, Maruja Mallo, <a href=\"http:\/\/langresta.blogspot.com.es\/2012\/10\/una-de-cada-tres-mujeres-ha-sido.html\">Octubre 11: D\u00eda internacional de las ni\u00f1as<\/a> (\u00a1al fin!), Rita Levi-Montalcini.<\/p>\n<p><a href=\"https:\/\/www.mujerpalabra.net\/frases\/wp-content\/uploads\/2013\/05\/llegolaera2_Mayo2013.jpg\"><img loading=\"lazy\" decoding=\"async\" class=\"alignright size-full wp-image-827\" title=\"llegolaera2_Mayo2013.jpg\" src=\"https:\/\/www.mujerpalabra.net\/frases\/wp-content\/uploads\/2013\/05\/llegolaera2_Mayo2013.jpg\" alt=\"\" width=\"990\" height=\"180\" srcset=\"https:\/\/www.mujerpalabra.net\/frases\/wp-content\/uploads\/2013\/05\/llegolaera2_Mayo2013.jpg 990w, https:\/\/www.mujerpalabra.net\/frases\/wp-content\/uploads\/2013\/05\/llegolaera2_Mayo2013-300x54.jpg 300w\" sizes=\"auto, (max-width: 990px) 100vw, 990px\" \/><\/a><\/p>\n<p>&nbsp;<\/p>\n<p>Visitas: 146<\/p>","protected":false},"excerpt":{"rendered":"<p>Como ver\u00e1s, hay un collage con rostros de mujeres como gr\u00e1fico de la bloga. La idea ser\u00eda ir creando diferentes banners, diferentes personas, para irlos cambiando. Los \u00abviejos\u00bb adem\u00e1s de poder a volver a ponerse cuando tocara, se ir\u00e1n publicando &hellip; <a href=\"https:\/\/www.mujerpalabra.net\/frases\/?page_id=104\">Sigue leyendo <span class=\"meta-nav\">&rarr;<\/span><\/a><\/p>\n","protected":false},"author":2,"featured_media":0,"parent":0,"menu_order":0,"comment_status":"open","ping_status":"open","template":"","meta":{"footnotes":""},"class_list":["post-104","page","type-page","status-publish","hentry"],"_links":{"self":[{"href":"https:\/\/www.mujerpalabra.net\/frases\/index.php?rest_route=\/wp\/v2\/pages\/104","targetHints":{"allow":["GET"]}}],"collection":[{"href":"https:\/\/www.mujerpalabra.net\/frases\/index.php?rest_route=\/wp\/v2\/pages"}],"about":[{"href":"https:\/\/www.mujerpalabra.net\/frases\/index.php?rest_route=\/wp\/v2\/types\/page"}],"author":[{"embeddable":true,"href":"https:\/\/www.mujerpalabra.net\/frases\/index.php?rest_route=\/wp\/v2\/users\/2"}],"replies":[{"embeddable":true,"href":"https:\/\/www.mujerpalabra.net\/frases\/index.php?rest_route=%2Fwp%2Fv2%2Fcomments&post=104"}],"version-history":[{"count":18,"href":"https:\/\/www.mujerpalabra.net\/frases\/index.php?rest_route=\/wp\/v2\/pages\/104\/revisions"}],"predecessor-version":[{"id":848,"href":"https:\/\/www.mujerpalabra.net\/frases\/index.php?rest_route=\/wp\/v2\/pages\/104\/revisions\/848"}],"wp:attachment":[{"href":"https:\/\/www.mujerpalabra.net\/frases\/index.php?rest_route=%2Fwp%2Fv2%2Fmedia&parent=104"}],"curies":[{"name":"wp","href":"https:\/\/api.w.org\/{rel}","templated":true}]}}