{"id":84,"date":"2010-05-09T02:33:00","date_gmt":"2010-05-09T00:33:00","guid":{"rendered":"http:\/\/blogdemichelle.wordpress.com\/"},"modified":"2025-10-04T01:37:29","modified_gmt":"2025-10-03T23:37:29","slug":"poemas","status":"publish","type":"page","link":"https:\/\/www.mujerpalabra.net\/blog\/?page_id=84","title":{"rendered":"* POEMAS"},"content":{"rendered":"\n<hr class=\"wp-block-separator has-alpha-channel-opacity\"\/>\n\n\n\n<p>Creo que falta vincular poemas.<\/p>\n\n\n\n<ul class=\"wp-block-list\">\n<li><a href=\"https:\/\/www.mujerpalabra.net\/blog\/?p=6489\" data-type=\"post\" data-id=\"6489\">No<\/a><\/li>\n\n\n\n<li><a href=\"https:\/\/www.mujerpalabra.net\/blog\/?p=6475\" data-type=\"post\" data-id=\"6475\">Negri<\/a>, nuestra peque\u00f1a muerte gigante<\/li>\n\n\n\n<li><a href=\"https:\/\/www.mujerpalabra.net\/blog\/?p=6431\" data-type=\"post\" data-id=\"6431\">Estratos<\/a><\/li>\n\n\n\n<li><a href=\"https:\/\/www.mujerpalabra.net\/blog\/?p=6342\">Un poema de muchos amor de 2023<\/a><\/li>\n\n\n\n<li><a href=\"https:\/\/www.mujerpalabra.net\/blog\/?p=6312\">Afecto<\/a><\/li>\n\n\n\n<li><a href=\"https:\/\/www.mujerpalabra.net\/blog\/?p=6287\">Ecuaci\u00f3n vital<\/a><\/li>\n\n\n\n<li><a href=\"https:\/\/www.mujerpalabra.net\/blog\/?p=6282\">No todo el mundo vive obedeciendo \/ Not everybody lives in obedience<\/a><\/li>\n\n\n\n<li><a href=\"https:\/\/www.mujerpalabra.net\/blog\/?p=6261\"><em>C\u00f3mo usan<\/em><\/a><\/li>\n\n\n\n<li><a href=\"https:\/\/www.mujerpalabra.net\/blog\/?p=6219\"><em>Recuerdo cuando llegaba<\/em><\/a><\/li>\n<\/ul>\n\n\n\n<p>2025<\/p>\n\n\n\n<ul class=\"wp-block-list\">\n<li><a href=\"https:\/\/www.mujerpalabra.net\/blog\/?p=6186\">S\u00e9 de mi buena suerte \/ I know I&#8217;m lucky<\/a><\/li>\n\n\n\n<li>Traduzco <a style=\"font-size: revert; font-family: -apple-system, BlinkMacSystemFont, 'Segoe UI', Roboto, Oxygen-Sans, Ubuntu, Cantarell, 'Helvetica Neue', sans-serif;\" href=\"https:\/\/www.mujerpalabra.net\/blog\/?p=6172\">Las personas con zapatos<\/a><span style=\"font-size: revert; color: initial; font-family: -apple-system, BlinkMacSystemFont, 'Segoe UI', Roboto, Oxygen-Sans, Ubuntu, Cantarell, 'Helvetica Neue', sans-serif;\"> (2022?) \/ People with Shoes&nbsp;<\/span><\/li>\n\n\n\n<li><a href=\"https:\/\/www.mujerpalabra.net\/blog\/?p=6127\">Somos nacimiento de r\u00edos \/ We Are Birth of Rivers<\/a><\/li>\n\n\n\n<li><a href=\"https:\/\/www.mujerpalabra.net\/blog\/?p=6106\">Aquelarre<\/a> (en espa\u00f1ol \/ English)<\/li>\n<\/ul>\n\n\n\n<ul class=\"wp-block-list\">\n<li><a href=\"https:\/\/www.mujerpalabra.net\/blog\/?p=6099\">Escombros genocidas \/ Genocidal Rubble<\/a> &#8211; Un poema por genocidio en gaza<\/li>\n\n\n\n<li><a href=\"https:\/\/www.mujerpalabra.net\/blog\/?p=6065\">Construcci\u00f3n de la normalizaci\u00f3n \/ The Building of Standardization<\/a><\/li>\n\n\n\n<li><a href=\"https:\/\/www.mujerpalabra.net\/blog\/?p=6057\">Infiltraciones \/ Infiltrations<\/a><\/li>\n\n\n\n<li><a href=\"https:\/\/www.mujerpalabra.net\/blog\/?p=6049\">Escritora an\u00f3nima en planeta patriarcal \/ Anon. Writer in Patriarchal Planet<\/a><\/li>\n\n\n\n<li><a href=\"https:\/\/www.mujerpalabra.net\/blog\/?p=6043\">No ser\u00e1s nadie nunca \/ You will never be someone<\/a><\/li>\n\n\n\n<li><a href=\"https:\/\/www.mujerpalabra.net\/blog\/?p=6037\">Culturas humanas \/ Human Cultures<\/a><\/li>\n\n\n\n<li><a href=\"https:\/\/www.mujerpalabra.net\/blog\/?p=6018\">Historia de las mujeres<\/a><\/li>\n<\/ul>\n\n\n\n<p>2024<\/p>\n\n\n\n<ul class=\"wp-block-list\">\n<li>Cuando muera \/ When I die<\/li>\n\n\n\n<li><a href=\"https:\/\/www.mujerpalabra.net\/blog\/?p=5975\">Riesgo<\/a><\/li>\n\n\n\n<li><a href=\"https:\/\/www.mujerpalabra.net\/blog\/?p=5927\">F\u00e1bula del movimiento<\/a><\/li>\n\n\n\n<li><a href=\"https:\/\/www.mujerpalabra.net\/blog\/?p=5911\">Yo tengo ya mi muerte insuperable<\/a><\/li>\n\n\n\n<li><a href=\"https:\/\/www.mujerpalabra.net\/blog\/?p=5907\">Despedidas<\/a><\/li>\n\n\n\n<li><a href=\"https:\/\/www.mujerpalabra.net\/blog\/?p=5903\">P\u00e1jaros<\/a><\/li>\n\n\n\n<li><a href=\"https:\/\/www.mujerpalabra.net\/blog\/?p=5899\">Plegarse<\/a><\/li>\n\n\n\n<li><a href=\"https:\/\/www.mujerpalabra.net\/blog\/?p=5847\">La vulnerabilidad \/ Vulnerability<\/a><\/li>\n\n\n\n<li><a href=\"https:\/\/www.mujerpalabra.net\/blog\/?p=5836\">Antes de que cavaran mi fosa<\/a><\/li>\n\n\n\n<li><a href=\"https:\/\/www.mujerpalabra.net\/blog\/?p=5827\">Democracia<\/a><\/li>\n\n\n\n<li><a href=\"https:\/\/www.mujerpalabra.net\/blog\/?p=5783\">Subversi\u00f3n y violencia<\/a><\/li>\n\n\n\n<li><a href=\"https:\/\/www.mujerpalabra.net\/blog\/?p=5767\">La fuerza del maltratador \/ The Strength of the Abuser<\/a><\/li>\n\n\n\n<li><a href=\"https:\/\/www.mujerpalabra.net\/blog\/?p=5756\">Poema pol\u00edtico de hoy<\/a><\/li>\n\n\n\n<li><a href=\"https:\/\/www.mujerpalabra.net\/blog\/?p=5739\">Una siempre sabe<\/a><\/li>\n<\/ul>\n\n\n\n<p><strong>2023<\/strong><\/p>\n\n\n\n<ul class=\"wp-block-list\">\n<li><a href=\"https:\/\/www.mujerpalabra.net\/blog\/?p=5696\">Hablar por hablar<\/a><\/li>\n\n\n\n<li><a href=\"https:\/\/www.mujerpalabra.net\/blog\/?p=5688\">Sobre la lucidez del respeto \/ On the Clarity of Respect<\/a><\/li>\n\n\n\n<li><a href=\"https:\/\/www.mujerpalabra.net\/blog\/?p=5674\">Imaginaci\u00f3n<\/a><\/li>\n\n\n\n<li><a href=\"https:\/\/www.mujerpalabra.net\/blog\/?p=5667\">En la sala de espera<\/a><\/li>\n<\/ul>\n\n\n\n<p><strong>2022<\/strong><\/p>\n\n\n\n<ul class=\"wp-block-list\">\n<li><a href=\"https:\/\/www.mujerpalabra.net\/blog\/?p=5625\">Resoluci\u00f3n de alegr\u00eda<\/a><\/li>\n<\/ul>\n\n\n\n<p><strong>2021<\/strong><\/p>\n\n\n\n<ul class=\"wp-block-list\">\n<li><a href=\"https:\/\/www.mujerpalabra.net\/blog\/?p=5619\">Acoso laboral<\/a><\/li>\n\n\n\n<li><a href=\"https:\/\/www.mujerpalabra.net\/blog\/?p=5553\">Perder<\/a><\/li>\n<\/ul>\n\n\n\n<p><strong>2020<\/strong><\/p>\n\n\n\n<p>Revisando y leyendo para ver poemas para Poemas pol\u00edticos: Destierro (2013), Poe burdeles (1993, rev 2013, no lo cambio m\u00e1s), Revoluci\u00f3n (que era Revoluci\u00f3n francesa)<\/p>\n\n\n\n<ul class=\"wp-block-list\">\n<li><a href=\"https:\/\/www.mujerpalabra.net\/blog\/?p=5413\">La ni\u00f1a y el gato (versi\u00f3n 2)<\/a><\/li>\n\n\n\n<li><a href=\"https:\/\/www.mujerpalabra.net\/blog\/?p=5400\">la ni\u00f1a y el gato<\/a><\/li>\n\n\n\n<li><a href=\"http:\/\/www.mujerpalabra.net\/blog\/?p=5340\">Destierro (poema)<\/a><\/li>\n\n\n\n<li><a href=\"http:\/\/www.mujerpalabra.net\/blog\/?p=5375\">Misoginia<\/a><\/li>\n\n\n\n<li>Piroman\u00eda &#8211; revisado Un cuento al rev\u00e9s<\/li>\n\n\n\n<li><a href=\"http:\/\/www.mujerpalabra.net\/blog\/?p=5352\">Chucha<\/a><\/li>\n\n\n\n<li><a href=\"http:\/\/www.mujerpalabra.net\/blog\/?p=5340\">Destierro<\/a><\/li>\n\n\n\n<li><a href=\"http:\/\/www.mujerpalabra.net\/blog\/?p=5275\">Davida y Goliat<\/a><\/li>\n\n\n\n<li><a href=\"http:\/\/www.mujerpalabra.net\/blog\/?p=5262\">Cante pol\u00edtico (tanto miedo pa na)<\/a><\/li>\n\n\n\n<li><a href=\"http:\/\/www.mujerpalabra.net\/blog\/?p=5233\">Violencias calladitas<\/a><\/li>\n\n\n\n<li><a href=\"http:\/\/www.mujerpalabra.net\/blog\/?p=5207\">Blues de la luz<\/a><\/li>\n<\/ul>\n\n\n\n<p><strong>2019<\/strong><\/p>\n\n\n\n<hr class=\"wp-block-separator has-alpha-channel-opacity\"\/>\n\n\n\n<ul class=\"wp-block-list\">\n<li><a href=\"https:\/\/www.mujerpalabra.net\/blog\/?p=5178\">Anarquista<\/a><\/li>\n\n\n\n<li><a href=\"http:\/\/www.mujerpalabra.net\/blog\/?p=5132\">No me comprendes<\/a> (c\u00edberpostal)<\/li>\n\n\n\n<li><a href=\"https:\/\/www.mujerpalabra.net\/blog\/?p=5162\">Atticus Pancho Amadeo<\/a><\/li>\n\n\n\n<li><a href=\"https:\/\/www.mujerpalabra.net\/blog\/?p=5132\">No me comprendes<\/a><\/li>\n\n\n\n<li><a href=\"https:\/\/www.mujerpalabra.net\/blog\/?p=5105\">13 de diciembre<\/a><\/li>\n\n\n\n<li><a href=\"http:\/\/www.mujerpalabra.net\/blog\/?p=5086\">Reencuentro con Mina Loy<\/a><\/li>\n\n\n\n<li><a href=\"http:\/\/www.mujerpalabra.net\/blog\/?p=5068\">Verano<\/a><\/li>\n\n\n\n<li><a href=\"http:\/\/www.mujerpalabra.net\/blog\/?p=5039\">Somos una saga<\/a> (A Sof\u00eda)<\/li>\n\n\n\n<li><a href=\"http:\/\/www.mujerpalabra.net\/blog\/?p=4983\">Lula Micaela Michelle<\/a><\/li>\n\n\n\n<li><a href=\"http:\/\/www.mujerpalabra.net\/blog\/?p=4960\">Leyenda negra<\/a><\/li>\n<\/ul>\n\n\n\n<p><strong>2018<\/strong><\/p>\n\n\n\n<hr class=\"wp-block-separator has-alpha-channel-opacity\"\/>\n\n\n\n<ul class=\"wp-block-list\">\n<li><a href=\"http:\/\/www.mujerpalabra.net\/blog\/?p=4898\">Un poema en el tiempo (En la sala de espera)<\/a><\/li>\n\n\n\n<li><a href=\"http:\/\/www.mujerpalabra.net\/blog\/?p=4843\">Mi sangre<\/a> (desobediente)<\/li>\n\n\n\n<li><a href=\"http:\/\/www.mujerpalabra.net\/blog\/?p=4841\">Los Otros<\/a> (poema pol\u00edtico)<\/li>\n\n\n\n<li><a href=\"http:\/\/www.mujerpalabra.net\/blog\/?p=4741\">La cesta de mimbre<\/a> (poema pol\u00edtico)<\/li>\n\n\n\n<li><a href=\"http:\/\/www.mujerpalabra.net\/blog\/?p=4733\">Visionaria<\/a><\/li>\n\n\n\n<li><a href=\"http:\/\/www.mujerpalabra.net\/blog\/?p=4719\">La mentira<\/a><\/li>\n\n\n\n<li><a href=\"http:\/\/www.mujerpalabra.net\/blog\/?p=4711\">Poem for Howard \/ Poema para Howard<\/a><\/li>\n\n\n\n<li><a href=\"http:\/\/www.mujerpalabra.net\/blog\/?p=4692\">Paranoicos y locos<\/a><\/li>\n\n\n\n<li><a href=\"http:\/\/www.mujerpalabra.net\/blog\/?p=4689\">Llega la primavera<\/a> (poema feminista)<\/li>\n\n\n\n<li><a href=\"http:\/\/www.mujerpalabra.net\/blog\/?p=4673\">Podar la higuera<\/a> (descartado)<\/li>\n\n\n\n<li>Descansar<\/li>\n\n\n\n<li><a href=\"http:\/\/www.mujerpalabra.net\/blog\/?p=4628\">Thamar<\/a> (poema pol\u00edtico)<\/li>\n<\/ul>\n\n\n\n<p><strong>2017<\/strong><\/p>\n\n\n\n<p>&#8212;&#8212;&#8212;&#8212;<\/p>\n\n\n\n<ul class=\"wp-block-list\">\n<li><a href=\"http:\/\/www.mujerpalabra.net\/blog\/?p=4491\">Despertar (canci\u00f3n)<\/a><\/li>\n\n\n\n<li><a href=\"https:\/\/www.mujerpalabra.net\/blog\/?p=4419\">Suerte<\/a> (antiguo)<\/li>\n\n\n\n<li><\/li>\n\n\n\n<li><a href=\"http:\/\/www.mujerpalabra.net\/blog\/?p=4217\">Mano izquierda<\/a><\/li>\n\n\n\n<li><a href=\"http:\/\/www.mujerpalabra.net\/blog\/?p=4169\">Esto es ser masa prevalente<\/a><\/li>\n\n\n\n<li><a href=\"http:\/\/www.mujerpalabra.net\/blog\/?p=4167\">Divergente<\/a><\/li>\n\n\n\n<li><a href=\"http:\/\/www.mujerpalabra.net\/blog\/?p=4165\">Para Berta C\u00e1ceres y Amy Winehouse<\/a><\/li>\n\n\n\n<li><a href=\"http:\/\/www.mujerpalabra.net\/blog\/?p=4131\">Voz, velocidad de las sombras<\/a><\/li>\n\n\n\n<li><a href=\"http:\/\/www.mujerpalabra.net\/blog\/?p=4125\">Amor<\/a><\/li>\n\n\n\n<li><a href=\"https:\/\/www.mujerpalabra.net\/blog\/?p=4051\">Poemas<\/a> (antiguos)<\/li>\n\n\n\n<li><a href=\"http:\/\/www.mujerpalabra.net\/blog\/?p=4041\">Friendship<\/a> &#8211; To M\u00f3nica<\/li>\n<\/ul>\n\n\n\n<p><strong>2016<\/strong><\/p>\n\n\n\n<p>&#8212;&#8212;&#8212;<\/p>\n\n\n\n<ul class=\"wp-block-list\">\n<li><a href=\"https:\/\/www.mujerpalabra.net\/blog\/?p=3986\">Mutaciones<\/a><\/li>\n\n\n\n<li><a href=\"http:\/\/www.mujerpalabra.net\/blog\/?p=3912\">En mi cabeza hay luz<\/a><\/li>\n\n\n\n<li><a href=\"http:\/\/www.mujerpalabra.net\/blog\/?p=3890\">El juego<\/a><\/li>\n\n\n\n<li><a href=\"http:\/\/www.mujerpalabra.net\/blog\/?p=3870\">El mar es negro, la muerte es blanca<\/a>&nbsp;(un poema descartado y ahora rescatado)<\/li>\n\n\n\n<li><a href=\"http:\/\/www.mujerpalabra.net\/blog\/?p=3848\">El maltratador<\/a>&nbsp;&#8211; ADNV Feminista, Marcha estatal feminista contras las violencias machistas y mis\u00f3ginas, 7N 2015<\/li>\n\n\n\n<li><a href=\"https:\/\/www.mujerpalabra.net\/blog\/?p=3490\">El maltratador<\/a><\/li>\n\n\n\n<li><a href=\"http:\/\/www.mujerpalabra.net\/blog\/?p=3821\">Mr Wrong Tree (Copyright Repression) \/ Se\u00f1or \u00e1rbol err\u00f3neo (represi\u00f3n copyright)<\/a><\/li>\n\n\n\n<li><a href=\"http:\/\/www.mujerpalabra.net\/blog\/?p=3544\">Matar a un ruise\u00f1or<\/a> (revisado) \u2665<\/li>\n\n\n\n<li><a href=\"http:\/\/www.mujerpalabra.net\/blog\/?p=3467\">Alterando el orden<\/a> \u2665<\/li>\n\n\n\n<li><a href=\"http:\/\/www.mujerpalabra.net\/blog\/?p=3415\">Equilibrista<\/a> \u2665<\/li>\n\n\n\n<li><a title=\"El sitio de las mujeres (poema)\" href=\"http:\/\/www.mujerpalabra.net\/blog\/?p=3358\">El sitio de las mujeres<\/a><\/li>\n<\/ul>\n\n\n\n<p><strong>2015 (de aqu\u00ed hacia 2024 revisado)<br>\n<\/strong><\/p>\n\n\n\n<p>&#8212;&#8212;&#8212;&#8212;<\/p>\n\n\n\n<ul class=\"wp-block-list\">\n<li><a title=\"Miedo (poema)\" href=\"http:\/\/www.mujerpalabra.net\/blog\/?p=3153\">Miedo<\/a><\/li>\n\n\n\n<li><a title=\"Mujer al mar\" href=\"http:\/\/www.mujerpalabra.net\/blog\/?p=3036\">Mujer al mar<\/a> \u2665<\/li>\n\n\n\n<li><a title=\"Hijo de puta (Poemas del lenguaje)\" href=\"http:\/\/www.mujerpalabra.net\/blog\/?p=3008\">Hijo de puta (Poemas del lenguaje)<\/a> \u2665<\/li>\n\n\n\n<li><a title=\"Todo lo que hago (Poema)\" href=\"http:\/\/www.mujerpalabra.net\/blog\/?p=2957\">Todo lo que hago<\/a><\/li>\n\n\n\n<li><a title=\"Dependencia alimentaria, el hambre (Poema)\" href=\"http:\/\/www.mujerpalabra.net\/blog\/?p=2860\">Dependencia alimentaria, el hambre<\/a><\/li>\n\n\n\n<li><a title=\"El mensaje\" href=\"http:\/\/www.mujerpalabra.net\/blog\/?p=2820\">El mensaje<\/a><\/li>\n\n\n\n<li><a title=\"No me gusta\" href=\"http:\/\/www.mujerpalabra.net\/blog\/?p=2769\">No me gusta<\/a><\/li>\n\n\n\n<li><a title=\"No pude\" href=\"http:\/\/www.mujerpalabra.net\/blog\/?p=2764\">No pude<\/a><\/li>\n\n\n\n<li><a title=\"Estoy envejeciendo\" href=\"http:\/\/www.mujerpalabra.net\/blog\/?p=2762\">Estoy envejeciendo<\/a><\/li>\n\n\n\n<li><a title=\"Por qu\u00e9 y las pel\u00edculas (poema)\" href=\"http:\/\/www.mujerpalabra.net\/blog\/?p=2586\">Por qu\u00e9 y las pel\u00edculas <\/a><\/li>\n<\/ul>\n\n\n\n<p><strong>2014<\/strong><\/p>\n\n\n\n<hr class=\"wp-block-separator has-alpha-channel-opacity\"\/>\n\n\n\n<ul class=\"wp-block-list\">\n<li>Versi\u00f3n <a href=\"http:\/\/www.mujerpalabra.net\/blog\/?p=5340\">Destierro<\/a> (de Desterrada, pero no lo encuentro, quiz\u00e1 otro t\u00edtulo, es de este a\u00f1o), para Poemas pol\u00edticos<\/li>\n\n\n\n<li><a title=\"An\u00f3n.\" href=\"http:\/\/www.mujerpalabra.net\/blog\/?p=2541\">An\u00f3n.<\/a><\/li>\n\n\n\n<li><a title=\"Superviviente\" href=\"http:\/\/www.mujerpalabra.net\/blog\/?p=2487\">Superviviente<\/a><\/li>\n\n\n\n<li><a href=\"http:\/\/www.mujerpalabra.net\/blog\/?p=2465\">El mito de Narcisa<\/a> \u2665<\/li>\n\n\n\n<li><a href=\"http:\/\/www.mujerpalabra.net\/blog\/?p=2445\">A veces te quieren mal<\/a><\/li>\n\n\n\n<li><a title=\"A mi hermano\" href=\"http:\/\/www.mujerpalabra.net\/blog\/?p=2412\">A mi hermano<\/a><\/li>\n\n\n\n<li><a title=\"Orgullo\" href=\"http:\/\/www.mujerpalabra.net\/blog\/?p=2401\">Orgullo<\/a><\/li>\n\n\n\n<li><a title=\"Poetas y burdeles\" href=\"http:\/\/www.mujerpalabra.net\/blog\/?p=2390\">Poetas y burdeles<\/a> \u2665 &#8211; para Poemas Pol\u00edticos (2019)<\/li>\n\n\n\n<li><a title=\"Planetas\" href=\"http:\/\/www.mujerpalabra.net\/blog\/?p=2321\">Nuestra galaxia<\/a><\/li>\n\n\n\n<li><a title=\"Reflexi\u00f3n mirando mi reflejo en el agua\" href=\"http:\/\/www.mujerpalabra.net\/blog\/?p=2294\">Reflexi\u00f3n mirando mi reflejo en el agua<\/a><\/li>\n\n\n\n<li><a title=\"De d\u00eda todo es luz\" href=\"http:\/\/www.mujerpalabra.net\/blog\/?p=2260\">De d\u00eda todo es luz<\/a> (llegando al sur) \u2665<\/li>\n\n\n\n<li><a title=\"Secretos de la madurez (modificado)\" href=\"http:\/\/www.mujerpalabra.net\/blog\/?p=2256\">Secretos de la madurez<\/a><\/li>\n\n\n\n<li><a title=\"Mudarse (poema)\" href=\"http:\/\/www.mujerpalabra.net\/blog\/?p=2224\">Mudarse<\/a><\/li>\n\n\n\n<li><a title=\"Dictadura\" href=\"http:\/\/www.mujerpalabra.net\/blog\/?p=2200\">Dictadura<\/a><\/li>\n\n\n\n<li><a title=\"Distorsiona t\u00fa\" href=\"http:\/\/www.mujerpalabra.net\/blog\/?p=2167\">Distorsiona t\u00fa<\/a><\/li>\n\n\n\n<li><a href=\"http:\/\/www.mujerpalabra.net\/blog\/?p=2131\">Protesto!<\/a><\/li>\n\n\n\n<li><a title=\"Tengo un peligro\u2026 (o dos)\" href=\"http:\/\/www.mujerpalabra.net\/blog\/?p=2078\">Poema visual: Tengo un peligro&#8230;<\/a><\/li>\n\n\n\n<li><a href=\"http:\/\/www.mujerpalabra.net\/blog\/?p=2116\">Revoluci\u00f3n francesa<\/a> &#8211; para Poemas pol\u00edticos, \u00abRevoluci\u00f3n\u00bb<\/li>\n\n\n\n<li><a href=\"http:\/\/www.mujerpalabra.net\/blog\/?p=1927\">Gu\u00eda de viajes on\u00edricos. 2 &#8211; So\u00f1\u00e9 que me iba con cualquiera<\/a><\/li>\n\n\n\n<li><a title=\"Cr\u00edmenes del coraz\u00f3n\" href=\"http:\/\/www.mujerpalabra.net\/blog\/?p=1745\">Cr\u00edmenes del coraz\u00f3n<\/a> (primavera)<\/li>\n\n\n\n<li><a title=\"Que os arrastre el viento al Pac\u00edfico\" href=\"http:\/\/www.mujerpalabra.net\/blog\/?p=1724\">Que os arrestre el viento al Pac\u00edfico<\/a> (primavera &#8211; sobre la amistad y la familia)<\/li>\n\n\n\n<li><a href=\"http:\/\/www.mujerpalabra.net\/blog\/?p=1683\">La tierra no se asusta<\/a><\/li>\n\n\n\n<li><a title=\"So\u00f1\u00e9 que no me quer\u00edan\" href=\"http:\/\/www.mujerpalabra.net\/blog\/?p=1676\">Gu\u00eda de viajes on\u00edricos. 1 &#8211; So\u00f1\u00e9 que no me quer\u00edan<\/a> (primavera 2013)<\/li>\n\n\n\n<li><a title=\"Fue el sue\u00f1o\" href=\"http:\/\/www.mujerpalabra.net\/blog\/?p=1639\">Fue el sue\u00f1o<\/a> (a Dimitra Manos)<\/li>\n\n\n\n<li><a title=\"Las grietas no son l\u00edneas del miedo\" href=\"http:\/\/www.mujerpalabra.net\/blog\/?p=1441\">Las grietas no son l\u00edneas del miedo<\/a><\/li>\n\n\n\n<li><a href=\"http:\/\/www.mujerpalabra.net\/blog\/?p=1342\">Canto de la esclava<\/a><\/li>\n<\/ul>\n\n\n\n<p><strong>2013 (50 a\u00f1os)<br>\n<\/strong><\/p>\n\n\n\n<p>&#8212;&#8212;&#8212;&#8212;<\/p>\n\n\n\n<ul class=\"wp-block-list\">\n<li><a href=\"http:\/\/www.mujerpalabra.net\/blog\/?p=1287\">Spell<\/a><\/li>\n\n\n\n<li><a title=\"Episodio 9\" href=\"http:\/\/www.mujerpalabra.net\/blog\/?p=1223\">Episodio 9<\/a><\/li>\n\n\n\n<li><a href=\"http:\/\/www.mujerpalabra.net\/blog\/?p=1178\">Gorilas en la niebla<\/a><\/li>\n\n\n\n<li><a href=\"http:\/\/www.mujerpalabra.net\/blog\/?p=1157\">Libro de mi persona muerta<\/a> (antes, Historias) (a Carmen Re\u00f1\u00e9)<\/li>\n\n\n\n<li><a href=\"http:\/\/www.mujerpalabra.net\/blog\/?p=1110\">La m\u00fasica siniestra del Sistema<\/a><\/li>\n\n\n\n<li><a href=\"http:\/\/www.mujerpalabra.net\/blog\/?p=1070\">Los olivos<\/a> \u2665<\/li>\n\n\n\n<li><a href=\"http:\/\/www.mujerpalabra.net\/blog\/?p=1023\">4 poemas grabados para 100 mil poetas por el cambio<\/a> (a Carlos y +)<\/li>\n\n\n\n<li><a href=\"http:\/\/www.mujerpalabra.net\/blog\/?p=992\">Isla de Pascua<\/a><\/li>\n\n\n\n<li><a href=\"http:\/\/www.mujerpalabra.net\/blog\/?p=984\">La guerra es un tipo de conocimiento<\/a><\/li>\n\n\n\n<li><a href=\"http:\/\/www.mujerpalabra.net\/blog\/?p=967\">Relaciones<\/a><\/li>\n\n\n\n<li><a href=\"http:\/\/www.mujerpalabra.net\/blog\/?p=936\">Desobedece<\/a> (rebelde antisistema)<\/li>\n\n\n\n<li><a href=\"http:\/\/www.mujerpalabra.net\/blog\/?p=926\">Mayo 98<\/a> \u2665<\/li>\n\n\n\n<li><a href=\"http:\/\/www.mujerpalabra.net\/blog\/?p=910\">De qu\u00e9 me sirve leer a Hemingway<\/a> \u2665<\/li>\n\n\n\n<li><a href=\"http:\/\/www.mujerpalabra.net\/blog\/?p=826\">Luna oscura<\/a><\/li>\n\n\n\n<li><a href=\"http:\/\/www.mujerpalabra.net\/blog\/?p=738\">Sue\u00f1o extra\u00f1o<\/a><\/li>\n\n\n\n<li><a href=\"http:\/\/www.mujerpalabra.net\/blog\/?p=741\">La justicia es mi amor<\/a> \u2665 (poema para Ximena Morales y activistas guatemaltec@s)<\/li>\n\n\n\n<li><a href=\"http:\/\/www.mujerpalabra.net\/blog\/?p=697\">Poema a Adrienne Rich<\/a><\/li>\n\n\n\n<li><a href=\"http:\/\/www.mujerpalabra.net\/blog\/?p=678\">Protesta de riesgo<\/a>&nbsp;&#8211; 2012<\/li>\n\n\n\n<li><a href=\"http:\/\/www.mujerpalabra.net\/blog\/?p=756\">Licencia po\u00e9tica<\/a> (poema para el Festival Itinerante)<\/li>\n<\/ul>\n\n\n\n<p><strong>2012<\/strong><\/p>\n\n\n\n<p>&#8212;&#8212;&#8212;&#8212;<\/p>\n\n\n\n<ul class=\"wp-block-list\">\n<li><a href=\"http:\/\/www.mujerpalabra.net\/blog\/?p=340\">Con todo el cuerpo<\/a><\/li>\n\n\n\n<li><a href=\"http:\/\/www.mujerpalabra.net\/blog\/?p=331\">Soy hija de la luz<\/a> \u2665 (poema dedicado a las feministas)<a href=\"http:\/\/www.mujerpalabra.net\/blog\/?p=331\"><br><br><\/a><a href=\"http:\/\/www.mujerpalabra.net\/blog\/?p=333\">I am a daughter of light<\/a><\/li>\n\n\n\n<li><a href=\"http:\/\/www.mujerpalabra.net\/blog\/?p=327\">En mi nombre<\/a>&nbsp;+ postal<\/li>\n\n\n\n<li><a href=\"http:\/\/www.mujerpalabra.net\/blog\/?p=324\">Nanogalaxia<\/a><\/li>\n\n\n\n<li><a href=\"http:\/\/www.mujerpalabra.net\/blog\/?p=315\">Plancton<\/a><\/li>\n\n\n\n<li><a href=\"http:\/\/www.mujerpalabra.net\/blog\/?p=234\">Vida y color<\/a><\/li>\n<\/ul>\n\n\n\n<p><strong>2011<\/strong><\/p>\n\n\n\n<p>&#8212;&#8212;&#8212;&#8212;<\/p>\n\n\n\n<ul class=\"wp-block-list\">\n<li><a href=\"http:\/\/www.mujerpalabra.net\/blog\/?p=213\">Puntos de vista<\/a><\/li>\n\n\n\n<li><a href=\"http:\/\/www.mujerpalabra.net\/blog\/?p=171\">Aquiles<\/a><\/li>\n\n\n\n<li><a href=\"http:\/\/www.mujerpalabra.net\/blog\/?p=159\">Astrof\u00edsica<\/a><\/li>\n\n\n\n<li><a href=\"http:\/\/www.mujerpalabra.net\/blog\/?p=112\">No Witch \/ Nada de bruja<\/a><\/li>\n\n\n\n<li><a href=\"http:\/\/www.mujerpalabra.net\/blog\/?p=101\">Informe centenario<\/a><\/li>\n\n\n\n<li><a href=\"http:\/\/www.mujerpalabra.net\/blog\/?p=65\">Life Journey<\/a><\/li>\n\n\n\n<li><a href=\"http:\/\/www.mujerpalabra.net\/blog\/?p=63\">Habitaci\u00f3n con vistas<\/a><\/li>\n\n\n\n<li><a href=\"http:\/\/www.mujerpalabra.net\/blog\/?p=445\">Utop\u00eda<\/a>&nbsp;+ postal<\/li>\n<\/ul>\n\n\n\n<p><strong>2010<\/strong><\/p>\n\n\n\n<p>&#8212;&#8212;&#8212;&#8212;<\/p>\n\n\n\n<ul class=\"wp-block-list\">\n<li><a href=\"http:\/\/www.mujerpalabra.net\/blog\/?p=47\">La edad, ese animal de fuego<\/a><\/li>\n\n\n\n<li><a href=\"http:\/\/www.mujerpalabra.net\/blog\/?p=27\">Dada Anti-Copy Abuse<\/a><\/li>\n\n\n\n<li><a href=\"http:\/\/www.mujerpalabra.net\/blog\/?p=13\">The Sound and the Fury<\/a><\/li>\n\n\n\n<li><a href=\"http:\/\/www.mujerpalabra.net\/blog\/?p=11\">Circles<\/a><\/li>\n<\/ul>\n\n\n\n<p><strong>2009<\/strong><\/p>\n\n\n\n<p>&#8212;&#8212;&#8212;&#8212;<\/p>\n\n\n\n<p>En mi web pod\u00e9is leer el viejo libro \u00abMemoria de Ilt\u00bb, titulado ahora \u00ab<strong><a title=\"Tu muerte en mis sue\u00f1os y los animales\" href=\"http:\/\/www.mujerpalabra.net\/creadoras\/michelle\/pages\/poemas_cuadros\/poemas\/memilt_portada.htm\" target=\"_blank\" rel=\"noopener noreferrer\">Tu muerte en mis sue\u00f1os y los animales<\/a><\/strong>\u00ab. Y aqu\u00ed est\u00e1 el <strong><a href=\"http:\/\/www.mujerpalabra.net\/creadoras\/michelle\/pages\/poemas_cuadros\/tumuerteentresescenas.htm\">tr\u00edptico<\/a><\/strong> que dibuj\u00e9 (tres escenas)<\/p>\n\n\n\n<p>Y tambi\u00e9n&nbsp;<a href=\"http:\/\/www.mujerpalabra.net\/creadoras\/michelle\/pages\/poemas_cuadros\/poemas\/muchoamor.html\">Poemas de mucho amor&nbsp;<\/a>, a JM;&nbsp;<a href=\"http:\/\/www.mujerpalabra.net\/conoce_a\/pages\/maria_burguera\/5MARIACONTRAPORTADAPOEMAS.PDF\" target=\"_blank\" rel=\"noopener noreferrer\">Poema blanco<\/a>&nbsp;(1 p\u00e1g. pdf), a Mar\u00eda Bruguera; y&nbsp;<a href=\"http:\/\/www.mujerpalabra.net\/creadoras\/michelle\/pages\/poemas_cuadros\/poemas\/nosoyungranodeanis.htm\">No soy un grano de an\u00eds<\/a>, a Xeli<\/p>\n","protected":false},"excerpt":{"rendered":"<p>Creo que falta vincular poemas. 2025 2024 2023 2022 2021 2020 Revisando y leyendo para ver poemas para Poemas pol\u00edticos: Destierro (2013), Poe burdeles (1993, rev 2013, no lo cambio m\u00e1s), Revoluci\u00f3n (que era Revoluci\u00f3n francesa) 2019 2018 2017 &#8212;&#8212;&#8212;&#8212; 2016 &#8212;&#8212;&#8212; 2015 (de aqu\u00ed hacia 2024 revisado) &#8212;&#8212;&#8212;&#8212; 2014 2013 (50 a\u00f1os) &#8212;&#8212;&#8212;&#8212; 2012 [&hellip;]<\/p>\n","protected":false},"author":1,"featured_media":0,"parent":0,"menu_order":0,"comment_status":"open","ping_status":"open","template":"","meta":{"footnotes":""},"class_list":["post-84","page","type-page","status-publish","hentry"],"_links":{"self":[{"href":"https:\/\/www.mujerpalabra.net\/blog\/index.php?rest_route=\/wp\/v2\/pages\/84","targetHints":{"allow":["GET"]}}],"collection":[{"href":"https:\/\/www.mujerpalabra.net\/blog\/index.php?rest_route=\/wp\/v2\/pages"}],"about":[{"href":"https:\/\/www.mujerpalabra.net\/blog\/index.php?rest_route=\/wp\/v2\/types\/page"}],"author":[{"embeddable":true,"href":"https:\/\/www.mujerpalabra.net\/blog\/index.php?rest_route=\/wp\/v2\/users\/1"}],"replies":[{"embeddable":true,"href":"https:\/\/www.mujerpalabra.net\/blog\/index.php?rest_route=%2Fwp%2Fv2%2Fcomments&post=84"}],"version-history":[{"count":195,"href":"https:\/\/www.mujerpalabra.net\/blog\/index.php?rest_route=\/wp\/v2\/pages\/84\/revisions"}],"predecessor-version":[{"id":6495,"href":"https:\/\/www.mujerpalabra.net\/blog\/index.php?rest_route=\/wp\/v2\/pages\/84\/revisions\/6495"}],"wp:attachment":[{"href":"https:\/\/www.mujerpalabra.net\/blog\/index.php?rest_route=%2Fwp%2Fv2%2Fmedia&parent=84"}],"curies":[{"name":"wp","href":"https:\/\/api.w.org\/{rel}","templated":true}]}}