{"id":478,"date":"2012-02-23T15:43:39","date_gmt":"2012-02-23T15:43:39","guid":{"rendered":"http:\/\/www.mujerpalabra.net\/blog\/?page_id=478"},"modified":"2015-07-31T17:08:17","modified_gmt":"2015-07-31T15:08:17","slug":"recensiones-feministas-raras","status":"publish","type":"page","link":"https:\/\/www.mujerpalabra.net\/blog\/?page_id=478","title":{"rendered":"* Recensiones"},"content":{"rendered":"<p><span style=\"color: #cc99ff;\"><strong>Recensiones feministas raras<\/strong><\/span><\/p>\n<ul>\n<li>Para Francisca Mart\u00edn-Cano en la presentaci\u00f3n de su libro <a href=\"http:\/\/www.mujerpalabra.net\/libros\/recensiones\/presentaciones\/paraFrancisca.htm\">La sexualidad femenina en diversas culturas<\/a> (public. en Mujer Palabra)<\/li>\n<li><a href=\"http:\/\/www.mujerpalabra.net\/libros\/recensiones\/cuestiondesexos1.htm\">Cuesti\u00f3n de sexos<\/a>, de Cordelia Fine (public. en Mujer Palabra)<\/li>\n<li><a href=\"http:\/\/www.mujerpalabra.net\/libros\/recensiones\/cuestiondesexos2.htm\">Resumen Cuesti\u00f3n de sexos<\/a>, de Cordelia Fine (public. en Mujer Palabra)<\/li>\n<li><a href=\"http:\/\/www.mujerpalabra.net\/libros\/tonimorrison_paradise.htm\">Paradise<\/a>, de Toni Morrison (public. en Mujer Palabra)<\/li>\n<li><a href=\"http:\/\/www.mujerpalabra.net\/libros\/tonimorrison_thebluesteye.htm\">The Bluest Eye<\/a>, de Toni Morrison (public. en Mujer Palabra)<\/li>\n<li>Traducci\u00f3n-Recensi\u00f3n <a href=\"http:\/\/www.mujerpalabra.net\/libros\/traducciones\/buscandolosjardinesdenuestrasmadres.htm\">Buscando los jardines de nuestras madres<\/a>, de Alice Walker (public. en Mujer Palabra)<\/li>\n<\/ul>\n","protected":false},"excerpt":{"rendered":"<p>Recensiones feministas raras Para Francisca Mart\u00edn-Cano en la presentaci\u00f3n de su libro La sexualidad femenina en diversas culturas (public. en Mujer Palabra) Cuesti\u00f3n de sexos, de Cordelia Fine (public. en Mujer Palabra) Resumen Cuesti\u00f3n de sexos, de Cordelia Fine (public. en Mujer Palabra) Paradise, de Toni Morrison (public. en Mujer Palabra) The Bluest Eye, de [&hellip;]<\/p>\n","protected":false},"author":1,"featured_media":0,"parent":0,"menu_order":0,"comment_status":"open","ping_status":"open","template":"","meta":{"footnotes":""},"class_list":["post-478","page","type-page","status-publish","hentry"],"_links":{"self":[{"href":"https:\/\/www.mujerpalabra.net\/blog\/index.php?rest_route=\/wp\/v2\/pages\/478","targetHints":{"allow":["GET"]}}],"collection":[{"href":"https:\/\/www.mujerpalabra.net\/blog\/index.php?rest_route=\/wp\/v2\/pages"}],"about":[{"href":"https:\/\/www.mujerpalabra.net\/blog\/index.php?rest_route=\/wp\/v2\/types\/page"}],"author":[{"embeddable":true,"href":"https:\/\/www.mujerpalabra.net\/blog\/index.php?rest_route=\/wp\/v2\/users\/1"}],"replies":[{"embeddable":true,"href":"https:\/\/www.mujerpalabra.net\/blog\/index.php?rest_route=%2Fwp%2Fv2%2Fcomments&post=478"}],"version-history":[{"count":17,"href":"https:\/\/www.mujerpalabra.net\/blog\/index.php?rest_route=\/wp\/v2\/pages\/478\/revisions"}],"predecessor-version":[{"id":3660,"href":"https:\/\/www.mujerpalabra.net\/blog\/index.php?rest_route=\/wp\/v2\/pages\/478\/revisions\/3660"}],"wp:attachment":[{"href":"https:\/\/www.mujerpalabra.net\/blog\/index.php?rest_route=%2Fwp%2Fv2%2Fmedia&parent=478"}],"curies":[{"name":"wp","href":"https:\/\/api.w.org\/{rel}","templated":true}]}}