{"id":4774,"date":"2017-08-14T00:42:30","date_gmt":"2017-08-13T22:42:30","guid":{"rendered":"http:\/\/www.mujerpalabra.net\/blog\/?page_id=4774"},"modified":"2024-12-16T20:48:59","modified_gmt":"2024-12-16T19:48:59","slug":"debate-prostitucion","status":"publish","type":"page","link":"https:\/\/www.mujerpalabra.net\/blog\/?page_id=4774","title":{"rendered":"Debate Prostituci\u00f3n (2024)"},"content":{"rendered":"<p>Anotaciones apresuradas 2024: Como feminista, mi postura ha evolucionado a lo largo del tiempo, al ir escuchando la diversidad de voces en el debate prostituci\u00f3n.<\/p>\n<p>Aunque no he trabajado como activista por la abolici\u00f3n de la prostituci\u00f3n, porque siempre he trabajado como activista independiente en temas de educaci\u00f3n y autoeducaci\u00f3n, otra v\u00eda que tenemos en la lucha social, en el activismo, antes del split en el movimiento feminista en Espa\u00f1a (c. segunda mitad de los 2010s?) que vivimos hoy, s\u00ed apoy\u00e9 con mi firma algunos de sus trabajos, por sororidad, porque yo creo en que nos podemos apoyar aunque no veamos las cosas exactamente igual. Ya no lo hago, porque el movimiento abolicionista parece haber desarrollado posturas para m\u00ed incomprensibles respecto a la revoluci\u00f3n identitaria humana que pueda reventar el sistema sexo-g\u00e9nero patriarcal, estigmatizando identidades humanas visibilizadas al fin en el movimiento social.<\/p>\n<p>Creo que el debate interno que tanto nos ayud\u00f3 a aprender, y implicarnos en la lucha feminista, se ha patriarcalizado hacia la guerra interna, y creo que los movimientos sociales no son territorio guerra, que el debate no es guerra aunque sea muy complejo. No hay soluciones universales, sino trabajar para ir reduciendo las violencias e injusticias incluyendo a todas las personas que las padecen, no s\u00f3lo an\u00e1lisis que se consideran lo que hay que hacer.<\/p>\n<p>Como todo el mundo patriarcal, los temas son muy complejos y est\u00e1n atravesados de muchas violencias de todo tipo, pero yo veo esto claro:<\/p>\n<p>La prostituci\u00f3n y el porno patriarcales han sido, junto con la violaci\u00f3n y la exclusi\u00f3n de las mujeres de la vida p\u00fablica y la historia, fuentes de violencia y educaci\u00f3n mis\u00f3gina. Superar esto requiere colaborarse para comprender el tema sin perjudicar a las mujeres, y esto incluye a las personas que se ganan la vida en la prostituci\u00f3n de forma voluntaria (que adem\u00e1s no es voluntaria exactamente, porque a muchas la sociedad y las estructuras las condenan a la pobreza). No se puede decir que estas personas son marionetas de los lobbies cuando no lo son. Que las habr\u00e1, pero sabemos que hay mujeres que trabajan en prostituci\u00f3n porque es lo que han elegido para sobrevivir o vivir econ\u00f3micamente en esta sociedad.<\/p>\n<p>La trata, secuestrar, drogar y explotar sexualmente a las mujeres, a las personas peque\u00f1as, a las personas en general a las que se les haga esa tortura atroz, se llama Prostituci\u00f3n tambi\u00e9n pero son cr\u00edmenes de secuestro y esclavizaci\u00f3n sexual.<\/p>\n<p>No veo c\u00f3mo se puede decir: soy abolicionista o estoy a favor de la prostituci\u00f3n. Para m\u00ed no se puede decir esto. S\u00ed que la prostituci\u00f3n patriarcal es mis\u00f3gina y debe superarse. Quiz\u00e1 exista un mundo de trabajo sexual en el que pueda un d\u00eda trabajar cualquier persona, y sea realmente \u00abun trabajo\u00bb m\u00e1s. Yo no lo s\u00e9. Pero ahora me parece inevitable una transici\u00f3n a Trabajo Sexual para los casos de personas que se ganan la vida con ello, donde las prostitutas tengan protecci\u00f3n de derechos laborales y a la salud, su independencia como trabajadoras, y dejen de ser estigmatizadas como \u00abputas\u00bb incluso por el sistema de salud p\u00fablica. No creo que esta protecci\u00f3n vaya a ser la causa del mantenimiento de la Prostituci\u00f3n patriarcal, mis\u00f3gina, pues \u00e9sta se fundamenta en las creencias mis\u00f3ginas de una cultura, de una sociedad, y cuando la sociedad y cultura aprenda a liberarse de la tara ideol\u00f3gica de la misoginia, la prostituci\u00f3n y el porno patriarcal caer\u00e1n en desuso, ser\u00e1n superadas. Si lo conseguimos.<\/p>\n<p>Igual que no es el movimiento LGTBIQA+ quien amenaza a \u00ablas mujeres\u00bb sino el milenario patriarcado, no son las prostitutas que se ganan la vida con esta actividad voluntariamente quienes sostienen la prostituci\u00f3n. Y a ellas hay que proteger tambi\u00e9n, dado el mundo mis\u00f3gino de la prostituci\u00f3n patriarcal.<\/p>\n<hr \/>\n<p>Reflexiones anteriores :<\/p>\n<p>La mentalidad de los binomios contendientes, donde una parte debe prevalecer, nos marca culturalmente, pero esos valores patriarcales no son lo \u00fanico posible humano. El modelo sexo-g\u00e9nero patriarcal est\u00e1 bajo todo, y no hay manera de convivir as\u00ed, ni de buscar c\u00f3mos, soluciones noviolentas a las cosas. Estas postales son un intento de hayar lugares que no acatan el imperativo de los binomios patriarcales que nos ense\u00f1an que \u00ablas dos posturas son irreconciliables\u00bb. Pues si no se va a hacer violencia hacia nadie, habr\u00e1 que encontrar terrenos que no obliguen a la guerra.<\/p>\n<p><a href=\"http:\/\/www.mujerpalabra.net\/blog\/wp-content\/uploads\/2017\/08\/debateprostitucion1.jpg\"><img loading=\"lazy\" decoding=\"async\" class=\"alignnone wp-image-4776 size-full\" src=\"http:\/\/www.mujerpalabra.net\/blog\/wp-content\/uploads\/2017\/08\/debateprostitucion1.jpg\" alt=\"\" width=\"720\" height=\"480\" srcset=\"https:\/\/www.mujerpalabra.net\/blog\/wp-content\/uploads\/2017\/08\/debateprostitucion1.jpg 720w, https:\/\/www.mujerpalabra.net\/blog\/wp-content\/uploads\/2017\/08\/debateprostitucion1-300x200.jpg 300w\" sizes=\"auto, (max-width: 720px) 100vw, 720px\" \/><\/a><\/p>\n<p><a href=\"http:\/\/www.mujerpalabra.net\/blog\/wp-content\/uploads\/2017\/08\/debateprostitucion2MP.jpg\"><img loading=\"lazy\" decoding=\"async\" class=\"wp-image-4775 size-full\" src=\"http:\/\/www.mujerpalabra.net\/blog\/wp-content\/uploads\/2017\/08\/debateprostitucion2MP.jpg\" alt=\"\" width=\"526\" height=\"394\" srcset=\"https:\/\/www.mujerpalabra.net\/blog\/wp-content\/uploads\/2017\/08\/debateprostitucion2MP.jpg 526w, https:\/\/www.mujerpalabra.net\/blog\/wp-content\/uploads\/2017\/08\/debateprostitucion2MP-300x225.jpg 300w\" sizes=\"auto, (max-width: 526px) 100vw, 526px\" \/><\/a><\/p>\n","protected":false},"excerpt":{"rendered":"<p>Anotaciones apresuradas 2024: Como feminista, mi postura ha evolucionado a lo largo del tiempo, al ir escuchando la diversidad de voces en el debate prostituci\u00f3n. Aunque no he trabajado como activista por la abolici\u00f3n de la prostituci\u00f3n, porque siempre he trabajado como activista independiente en temas de educaci\u00f3n y autoeducaci\u00f3n, otra v\u00eda que tenemos en [&hellip;]<\/p>\n","protected":false},"author":1,"featured_media":0,"parent":0,"menu_order":0,"comment_status":"closed","ping_status":"closed","template":"","meta":{"footnotes":""},"class_list":["post-4774","page","type-page","status-publish","hentry"],"_links":{"self":[{"href":"https:\/\/www.mujerpalabra.net\/blog\/index.php?rest_route=\/wp\/v2\/pages\/4774","targetHints":{"allow":["GET"]}}],"collection":[{"href":"https:\/\/www.mujerpalabra.net\/blog\/index.php?rest_route=\/wp\/v2\/pages"}],"about":[{"href":"https:\/\/www.mujerpalabra.net\/blog\/index.php?rest_route=\/wp\/v2\/types\/page"}],"author":[{"embeddable":true,"href":"https:\/\/www.mujerpalabra.net\/blog\/index.php?rest_route=\/wp\/v2\/users\/1"}],"replies":[{"embeddable":true,"href":"https:\/\/www.mujerpalabra.net\/blog\/index.php?rest_route=%2Fwp%2Fv2%2Fcomments&post=4774"}],"version-history":[{"count":4,"href":"https:\/\/www.mujerpalabra.net\/blog\/index.php?rest_route=\/wp\/v2\/pages\/4774\/revisions"}],"predecessor-version":[{"id":6200,"href":"https:\/\/www.mujerpalabra.net\/blog\/index.php?rest_route=\/wp\/v2\/pages\/4774\/revisions\/6200"}],"wp:attachment":[{"href":"https:\/\/www.mujerpalabra.net\/blog\/index.php?rest_route=%2Fwp%2Fv2%2Fmedia&parent=4774"}],"curies":[{"name":"wp","href":"https:\/\/api.w.org\/{rel}","templated":true}]}}