{"id":3800,"date":"2015-09-01T02:55:49","date_gmt":"2015-09-01T00:55:49","guid":{"rendered":"http:\/\/www.mujerpalabra.net\/blog\/?page_id=3800"},"modified":"2025-04-11T19:01:34","modified_gmt":"2025-04-11T17:01:34","slug":"mitos-y-cuentos-rescatados","status":"publish","type":"page","link":"https:\/\/www.mujerpalabra.net\/blog\/?page_id=3800","title":{"rendered":"Mitos y cuentos rescatados"},"content":{"rendered":"<p>La ideolog\u00eda patriarcal\u00a0ha necesitado construir cultura con historias que distorsionaban la realidad humana, colocando a las mujeres en un lugar terrible, deshumaniz\u00e1ndolas, despoj\u00e1ndolas de sus mentes humanas. Como nos ha borrado de la historia, el mito y la leyenda como personas, yo he empezado a imaginar qu\u00e9 podr\u00eda haber sido.<\/p>\n<ul>\n<li><a href=\"https:\/\/www.mujerpalabra.net\/blog\/?p=6122\">La mujer que grit\u00f3 El rey va desnudo<\/a><\/li>\n<li><a href=\"http:\/\/www.espacioluke.com\/2009\/Julio2009\/rene.html\">Bella y la bestia<\/a> &#8211; relato publicado en el ebook\u00a0<em>La saltadora. Relatos feminista<\/em>s &#8211; era sobre otra cosa, la que cuento!<\/li>\n<li><a href=\"http:\/\/www.mujerpalabra.net\/blog\/?p=2465\">El mito de Narcisa<\/a>\u00a0&#8211; sobre las personas perdidas para siempre<\/li>\n<li><a href=\"http:\/\/www.mujerpalabra.net\/creadoras\/mp\/caperucita_michelle.htm\">Caperucita<\/a> &#8211; investigaci\u00f3n (literatura oral)<\/li>\n<li><a href=\"http:\/\/www.mujerpalabra.net\/creadoras\/michelle\/pages\/versiones.htm\">Pandora<\/a> &#8211; por mejorar el final, pero creo que es una historia m\u00e1s probable que la creada por la mitolog\u00eda patriarcal<\/li>\n<li>S\u00edsifa &#8211; sin rescatar, pero asomando: <a href=\"http:\/\/www.mujerpalabra.net\/blog\/?p=826\">Luna oscura<\/a><\/li>\n<li>Por escribir: Davida contra Goliat (sale en dos poemas m\u00edos: Davida y Goliat y Ecuaci\u00f3n vital), y la historia de la ni\u00f1a que grit\u00f3 que el rey iba desnudo<\/li>\n<\/ul>\n<p><a href=\"http:\/\/www.mujerpalabra.net\/blog\/wp-content\/uploads\/2013\/12\/moon-jupiter-daniel-mcvey-5-12-2013.jpg\"><img loading=\"lazy\" decoding=\"async\" class=\"alignnone size-full wp-image-2503\" src=\"http:\/\/www.mujerpalabra.net\/blog\/wp-content\/uploads\/2013\/12\/moon-jupiter-daniel-mcvey-5-12-2013.jpg\" alt=\"moon-jupiter-daniel-mcvey-5-12-2013\" width=\"960\" height=\"640\" srcset=\"https:\/\/www.mujerpalabra.net\/blog\/wp-content\/uploads\/2013\/12\/moon-jupiter-daniel-mcvey-5-12-2013.jpg 960w, https:\/\/www.mujerpalabra.net\/blog\/wp-content\/uploads\/2013\/12\/moon-jupiter-daniel-mcvey-5-12-2013-300x200.jpg 300w\" sizes=\"auto, (max-width: 960px) 100vw, 960px\" \/><\/a><\/p>\n","protected":false},"excerpt":{"rendered":"<p>La ideolog\u00eda patriarcal\u00a0ha necesitado construir cultura con historias que distorsionaban la realidad humana, colocando a las mujeres en un lugar terrible, deshumaniz\u00e1ndolas, despoj\u00e1ndolas de sus mentes humanas. Como nos ha borrado de la historia, el mito y la leyenda como personas, yo he empezado a imaginar qu\u00e9 podr\u00eda haber sido. La mujer que grit\u00f3 El [&hellip;]<\/p>\n","protected":false},"author":1,"featured_media":0,"parent":0,"menu_order":0,"comment_status":"closed","ping_status":"closed","template":"","meta":{"footnotes":""},"class_list":["post-3800","page","type-page","status-publish","hentry"],"_links":{"self":[{"href":"https:\/\/www.mujerpalabra.net\/blog\/index.php?rest_route=\/wp\/v2\/pages\/3800","targetHints":{"allow":["GET"]}}],"collection":[{"href":"https:\/\/www.mujerpalabra.net\/blog\/index.php?rest_route=\/wp\/v2\/pages"}],"about":[{"href":"https:\/\/www.mujerpalabra.net\/blog\/index.php?rest_route=\/wp\/v2\/types\/page"}],"author":[{"embeddable":true,"href":"https:\/\/www.mujerpalabra.net\/blog\/index.php?rest_route=\/wp\/v2\/users\/1"}],"replies":[{"embeddable":true,"href":"https:\/\/www.mujerpalabra.net\/blog\/index.php?rest_route=%2Fwp%2Fv2%2Fcomments&post=3800"}],"version-history":[{"count":8,"href":"https:\/\/www.mujerpalabra.net\/blog\/index.php?rest_route=\/wp\/v2\/pages\/3800\/revisions"}],"predecessor-version":[{"id":6297,"href":"https:\/\/www.mujerpalabra.net\/blog\/index.php?rest_route=\/wp\/v2\/pages\/3800\/revisions\/6297"}],"wp:attachment":[{"href":"https:\/\/www.mujerpalabra.net\/blog\/index.php?rest_route=%2Fwp%2Fv2%2Fmedia&parent=3800"}],"curies":[{"name":"wp","href":"https:\/\/api.w.org\/{rel}","templated":true}]}}