{"id":17,"date":"2009-09-21T23:06:22","date_gmt":"2009-09-21T21:06:22","guid":{"rendered":"http:\/\/blogdemichelle.wordpress.com\/?page_id=17"},"modified":"2025-09-17T20:59:44","modified_gmt":"2025-09-17T18:59:44","slug":"te-gusta-este-relato","status":"publish","type":"page","link":"https:\/\/www.mujerpalabra.net\/blog\/?page_id=17","title":{"rendered":"* PROSAS Y RELATOS (actualizado 2025)"},"content":{"rendered":"<p>NUEVOS RELATOS del 2025 A INCLUIR EN LA SALTADORA. RELATOS FEMINISTAS:<\/p>\n<ol>\n<li><a href=\"https:\/\/www.mujerpalabra.net\/blog\/?p=6449\">Sobre cuando Terence Hill me subi\u00f3 al mostrador (2 p\u00e1gs.)<\/a><\/li>\n<li><a href=\"https:\/\/www.mujerpalabra.net\/blog\/?p=6402\">Datos biogr\u00e1ficos: el padre (4 p\u00e1gs.)<\/a><\/li>\n<\/ol>\n<ul>\n<li>\u00ab<strong><a title=\"He escrito unos relatos (1991-2011)\" href=\"http:\/\/www.mujerpalabra.net\/creadoras\/michelle\/pages\/relatos\/heescritounosrelatos.htm\" target=\"_blank\" rel=\"noopener\">La saltadora. Relatos feministas <\/a><\/strong>\u00bb (antes llamado \u00abHe escrito unos relatos. Libro mutante\u00bb) &#8211; en formato ebook y pdf . Actual edici\u00f3n disponible cubre hasta 2022.<\/li>\n<\/ul>\n<p><strong><a href=\"http:\/\/www.mujerpalabra.net\/creadoras\/michelle\/pages\/relatos\/index_relatos.htm\">Otras prosas<\/a><\/strong><\/p>\n<ul>\n<li>\u00ab<strong><a href=\"http:\/\/www.mujerpalabra.net\/creadoras\/michelle\/pages\/relatos\/catedral01.htm\">La catedral. Viaje po\u00e9tico-on\u00edrico<\/a><\/strong>\u00bb &#8211; con audio<strong><br \/>\n<\/strong><\/li>\n<li>\u00ab<strong><a href=\"http:\/\/www.mujerpalabra.net\/creadoras\/michelle\/pages\/versiones.htm\">Pandora<\/a><\/strong>\u00bb (rescatando un mito)<\/li>\n<li><a href=\"http:\/\/www.mujerpalabra.net\/blog\/?p=4849\">Manuela Alegr\u00eda y el desaliento <\/a>(peque\u00f1a prosa)<\/li>\n<li><a href=\"http:\/\/www.mujerpalabra.net\/conoce_a\/pages\/maria_burguera\/1MARIAPAJAROTORMENTA.PDF\" target=\"_blank\" rel=\"noopener\">A Mar\u00eda Bruguera. Como un p\u00e1jaro en la tempestad<\/a> (1 p\u00e1g. pdf)<\/li>\n<\/ul>\n<p>&nbsp;<\/p>\n<p>&nbsp;<\/p>\n<p>&nbsp;<\/p>\n","protected":false},"excerpt":{"rendered":"<p>NUEVOS RELATOS del 2025 A INCLUIR EN LA SALTADORA. RELATOS FEMINISTAS: Sobre cuando Terence Hill me subi\u00f3 al mostrador (2 p\u00e1gs.) Datos biogr\u00e1ficos: el padre (4 p\u00e1gs.) \u00abLa saltadora. Relatos feministas \u00bb (antes llamado \u00abHe escrito unos relatos. Libro mutante\u00bb) &#8211; en formato ebook y pdf . Actual edici\u00f3n disponible cubre hasta 2022. Otras prosas [&hellip;]<\/p>\n","protected":false},"author":1,"featured_media":0,"parent":0,"menu_order":0,"comment_status":"open","ping_status":"closed","template":"","meta":{"footnotes":""},"class_list":["post-17","page","type-page","status-publish","hentry"],"_links":{"self":[{"href":"https:\/\/www.mujerpalabra.net\/blog\/index.php?rest_route=\/wp\/v2\/pages\/17","targetHints":{"allow":["GET"]}}],"collection":[{"href":"https:\/\/www.mujerpalabra.net\/blog\/index.php?rest_route=\/wp\/v2\/pages"}],"about":[{"href":"https:\/\/www.mujerpalabra.net\/blog\/index.php?rest_route=\/wp\/v2\/types\/page"}],"author":[{"embeddable":true,"href":"https:\/\/www.mujerpalabra.net\/blog\/index.php?rest_route=\/wp\/v2\/users\/1"}],"replies":[{"embeddable":true,"href":"https:\/\/www.mujerpalabra.net\/blog\/index.php?rest_route=%2Fwp%2Fv2%2Fcomments&post=17"}],"version-history":[{"count":21,"href":"https:\/\/www.mujerpalabra.net\/blog\/index.php?rest_route=\/wp\/v2\/pages\/17\/revisions"}],"predecessor-version":[{"id":6464,"href":"https:\/\/www.mujerpalabra.net\/blog\/index.php?rest_route=\/wp\/v2\/pages\/17\/revisions\/6464"}],"wp:attachment":[{"href":"https:\/\/www.mujerpalabra.net\/blog\/index.php?rest_route=%2Fwp%2Fv2%2Fmedia&parent=17"}],"curies":[{"name":"wp","href":"https:\/\/api.w.org\/{rel}","templated":true}]}}